{"id":43,"date":"2025-12-01T19:08:30","date_gmt":"2025-12-01T19:08:30","guid":{"rendered":"https:\/\/mhdlocation.com\/?page_id=43"},"modified":"2025-12-02T07:58:04","modified_gmt":"2025-12-02T07:58:04","slug":"43-2","status":"publish","type":"page","link":"https:\/\/mhdlocation.com\/?page_id=43","title":{"rendered":"Recrutements"},"content":{"rendered":"\n<h1 class=\"wp-block-heading has-text-color has-link-color wp-elements-5517068b682e13662b4cacbacf40dec7\" style=\"color:#ffffff\">Recrutements<\/h1>\n\n\n\n<p>Si vous \u00eates : <\/p>\n\n\n\n<p>Personnel de m\u00e9nage sur la ville de Lyon ou communes aux alentours, merci de d\u00e9poser votre candidature par mail \u00e0 : <strong><a>contact.mhdlocation@gmail.com<\/a><\/strong>.<\/p>\n\n\n\n<p>Vous devez obligatoirement \u00eatre d\u00e9clar\u00e9e en tant qu\u2019auto-entrepreneuse pour pouvoir postuler.<\/p>\n","protected":false},"excerpt":{"rendered":"<p>Recrutements Si vous \u00eates : Personnel de m\u00e9nage sur la ville de Lyon ou communes aux alentours, merci de d\u00e9poser votre candidature par mail \u00e0 : contact.mhdlocation@gmail.com. Vous devez obligatoirement \u00eatre d\u00e9clar\u00e9e en tant qu\u2019auto-entrepreneuse pour pouvoir postuler.<\/p>\n","protected":false},"author":1,"featured_media":0,"parent":0,"menu_order":0,"comment_status":"closed","ping_status":"closed","template":"","meta":{"footnotes":""},"class_list":["post-43","page","type-page","status-publish","hentry"],"yoast_head":"<!-- This site is optimized with the Yoast SEO plugin v26.3 - https:\/\/yoast.com\/wordpress\/plugins\/seo\/ -->\n<title>Recrutements - Votre bien, notre mission !<\/title>\n<meta name=\"robots\" content=\"index, follow, max-snippet:-1, max-image-preview:large, max-video-preview:-1\" \/>\n<link rel=\"canonical\" href=\"https:\/\/mhdlocation.com\/?page_id=43\" \/>\n<meta property=\"og:locale\" content=\"en_US\" \/>\n<meta property=\"og:type\" content=\"article\" \/>\n<meta property=\"og:title\" content=\"Recrutements - Votre bien, notre mission !\" \/>\n<meta property=\"og:description\" content=\"Recrutements Si vous \u00eates : Personnel de m\u00e9nage sur la ville de Lyon ou communes aux alentours, merci de d\u00e9poser votre candidature par mail \u00e0 : contact.mhdlocation@gmail.com. Vous devez obligatoirement \u00eatre d\u00e9clar\u00e9e en tant qu\u2019auto-entrepreneuse pour pouvoir postuler.\" \/>\n<meta property=\"og:url\" content=\"https:\/\/mhdlocation.com\/?page_id=43\" \/>\n<meta property=\"og:site_name\" content=\"Votre bien, notre mission !\" \/>\n<meta property=\"article:modified_time\" content=\"2025-12-02T07:58:04+00:00\" \/>\n<meta name=\"twitter:card\" content=\"summary_large_image\" \/>\n<meta name=\"twitter:label1\" content=\"Est. reading time\" \/>\n\t<meta name=\"twitter:data1\" content=\"1 minute\" \/>\n<script type=\"application\/ld+json\" class=\"yoast-schema-graph\">{\"@context\":\"https:\/\/schema.org\",\"@graph\":[{\"@type\":\"WebPage\",\"@id\":\"https:\/\/mhdlocation.com\/?page_id=43\",\"url\":\"https:\/\/mhdlocation.com\/?page_id=43\",\"name\":\"Recrutements - Votre bien, notre mission !\",\"isPartOf\":{\"@id\":\"http:\/\/mhdlocation.com\/#website\"},\"datePublished\":\"2025-12-01T19:08:30+00:00\",\"dateModified\":\"2025-12-02T07:58:04+00:00\",\"breadcrumb\":{\"@id\":\"https:\/\/mhdlocation.com\/?page_id=43#breadcrumb\"},\"inLanguage\":\"en-US\",\"potentialAction\":[{\"@type\":\"ReadAction\",\"target\":[\"https:\/\/mhdlocation.com\/?page_id=43\"]}]},{\"@type\":\"BreadcrumbList\",\"@id\":\"https:\/\/mhdlocation.com\/?page_id=43#breadcrumb\",\"itemListElement\":[{\"@type\":\"ListItem\",\"position\":1,\"name\":\"Home\",\"item\":\"http:\/\/mhdlocation.com\/\"},{\"@type\":\"ListItem\",\"position\":2,\"name\":\"Recrutements\"}]},{\"@type\":\"WebSite\",\"@id\":\"http:\/\/mhdlocation.com\/#website\",\"url\":\"http:\/\/mhdlocation.com\/\",\"name\":\"Votre bien, notre mission !\",\"description\":\"Nous sommes une soci\u00e9t\u00e9 de conciergerie et de location de bien bas\u00e9 \u00e0 Lyon. Et exer\u00e7ant dans toute la France. \ud83c\uddeb\ud83c\uddf7  \",\"publisher\":{\"@id\":\"http:\/\/mhdlocation.com\/#organization\"},\"potentialAction\":[{\"@type\":\"SearchAction\",\"target\":{\"@type\":\"EntryPoint\",\"urlTemplate\":\"http:\/\/mhdlocation.com\/?s={search_term_string}\"},\"query-input\":{\"@type\":\"PropertyValueSpecification\",\"valueRequired\":true,\"valueName\":\"search_term_string\"}}],\"inLanguage\":\"en-US\"},{\"@type\":\"Organization\",\"@id\":\"http:\/\/mhdlocation.com\/#organization\",\"name\":\"Votre bien, notre mission !\",\"url\":\"http:\/\/mhdlocation.com\/\",\"logo\":{\"@type\":\"ImageObject\",\"inLanguage\":\"en-US\",\"@id\":\"http:\/\/mhdlocation.com\/#\/schema\/logo\/image\/\",\"url\":\"https:\/\/mhdlocation.com\/wp-content\/uploads\/2025\/11\/Black_White_Minimalist_Initials_Monogram_Jewelry_Logo__2_-removebg-preview.png\",\"contentUrl\":\"https:\/\/mhdlocation.com\/wp-content\/uploads\/2025\/11\/Black_White_Minimalist_Initials_Monogram_Jewelry_Logo__2_-removebg-preview.png\",\"width\":500,\"height\":500,\"caption\":\"Votre bien, notre mission !\"},\"image\":{\"@id\":\"http:\/\/mhdlocation.com\/#\/schema\/logo\/image\/\"}}]}<\/script>\n<!-- \/ Yoast SEO plugin. -->","yoast_head_json":{"title":"Recrutements - Votre bien, notre mission !","robots":{"index":"index","follow":"follow","max-snippet":"max-snippet:-1","max-image-preview":"max-image-preview:large","max-video-preview":"max-video-preview:-1"},"canonical":"https:\/\/mhdlocation.com\/?page_id=43","og_locale":"en_US","og_type":"article","og_title":"Recrutements - Votre bien, notre mission !","og_description":"Recrutements Si vous \u00eates : Personnel de m\u00e9nage sur la ville de Lyon ou communes aux alentours, merci de d\u00e9poser votre candidature par mail \u00e0 : contact.mhdlocation@gmail.com. Vous devez obligatoirement \u00eatre d\u00e9clar\u00e9e en tant qu\u2019auto-entrepreneuse pour pouvoir postuler.","og_url":"https:\/\/mhdlocation.com\/?page_id=43","og_site_name":"Votre bien, notre mission !","article_modified_time":"2025-12-02T07:58:04+00:00","twitter_card":"summary_large_image","twitter_misc":{"Est. reading time":"1 minute"},"schema":{"@context":"https:\/\/schema.org","@graph":[{"@type":"WebPage","@id":"https:\/\/mhdlocation.com\/?page_id=43","url":"https:\/\/mhdlocation.com\/?page_id=43","name":"Recrutements - Votre bien, notre mission !","isPartOf":{"@id":"http:\/\/mhdlocation.com\/#website"},"datePublished":"2025-12-01T19:08:30+00:00","dateModified":"2025-12-02T07:58:04+00:00","breadcrumb":{"@id":"https:\/\/mhdlocation.com\/?page_id=43#breadcrumb"},"inLanguage":"en-US","potentialAction":[{"@type":"ReadAction","target":["https:\/\/mhdlocation.com\/?page_id=43"]}]},{"@type":"BreadcrumbList","@id":"https:\/\/mhdlocation.com\/?page_id=43#breadcrumb","itemListElement":[{"@type":"ListItem","position":1,"name":"Home","item":"http:\/\/mhdlocation.com\/"},{"@type":"ListItem","position":2,"name":"Recrutements"}]},{"@type":"WebSite","@id":"http:\/\/mhdlocation.com\/#website","url":"http:\/\/mhdlocation.com\/","name":"Votre bien, notre mission !","description":"Nous sommes une soci\u00e9t\u00e9 de conciergerie et de location de bien bas\u00e9 \u00e0 Lyon. Et exer\u00e7ant dans toute la France. \ud83c\uddeb\ud83c\uddf7  ","publisher":{"@id":"http:\/\/mhdlocation.com\/#organization"},"potentialAction":[{"@type":"SearchAction","target":{"@type":"EntryPoint","urlTemplate":"http:\/\/mhdlocation.com\/?s={search_term_string}"},"query-input":{"@type":"PropertyValueSpecification","valueRequired":true,"valueName":"search_term_string"}}],"inLanguage":"en-US"},{"@type":"Organization","@id":"http:\/\/mhdlocation.com\/#organization","name":"Votre bien, notre mission !","url":"http:\/\/mhdlocation.com\/","logo":{"@type":"ImageObject","inLanguage":"en-US","@id":"http:\/\/mhdlocation.com\/#\/schema\/logo\/image\/","url":"https:\/\/mhdlocation.com\/wp-content\/uploads\/2025\/11\/Black_White_Minimalist_Initials_Monogram_Jewelry_Logo__2_-removebg-preview.png","contentUrl":"https:\/\/mhdlocation.com\/wp-content\/uploads\/2025\/11\/Black_White_Minimalist_Initials_Monogram_Jewelry_Logo__2_-removebg-preview.png","width":500,"height":500,"caption":"Votre bien, notre mission !"},"image":{"@id":"http:\/\/mhdlocation.com\/#\/schema\/logo\/image\/"}}]}},"brizy_media":[],"_links":{"self":[{"href":"https:\/\/mhdlocation.com\/index.php?rest_route=\/wp\/v2\/pages\/43","targetHints":{"allow":["GET"]}}],"collection":[{"href":"https:\/\/mhdlocation.com\/index.php?rest_route=\/wp\/v2\/pages"}],"about":[{"href":"https:\/\/mhdlocation.com\/index.php?rest_route=\/wp\/v2\/types\/page"}],"author":[{"embeddable":true,"href":"https:\/\/mhdlocation.com\/index.php?rest_route=\/wp\/v2\/users\/1"}],"replies":[{"embeddable":true,"href":"https:\/\/mhdlocation.com\/index.php?rest_route=%2Fwp%2Fv2%2Fcomments&post=43"}],"version-history":[{"count":3,"href":"https:\/\/mhdlocation.com\/index.php?rest_route=\/wp\/v2\/pages\/43\/revisions"}],"predecessor-version":[{"id":99,"href":"https:\/\/mhdlocation.com\/index.php?rest_route=\/wp\/v2\/pages\/43\/revisions\/99"}],"wp:attachment":[{"href":"https:\/\/mhdlocation.com\/index.php?rest_route=%2Fwp%2Fv2%2Fmedia&parent=43"}],"curies":[{"name":"wp","href":"https:\/\/api.w.org\/{rel}","templated":true}]}}