{"id":57,"date":"2025-12-01T19:14:13","date_gmt":"2025-12-01T19:14:13","guid":{"rendered":"https:\/\/mhdlocation.com\/?page_id=57"},"modified":"2025-12-02T07:52:59","modified_gmt":"2025-12-02T07:52:59","slug":"57-2","status":"publish","type":"page","link":"https:\/\/mhdlocation.com\/?page_id=57","title":{"rendered":"Contact"},"content":{"rendered":"\n<h1 class=\"wp-block-heading has-text-color has-link-color wp-elements-faeee1acdb0befc931a940d3f98f565a\" style=\"color:#ffffff\">CONTACT<\/h1>\n\n\n\n<p>Pour tous contact pour :<\/p>\n\n\n\n<p>-Recrutements <\/p>\n\n\n\n<p>Merci de nous envoyer un email \u00e0 contact.mhdlocation@gmail.com<\/p>\n\n\n\n<p>-Pour Proposer un logement &amp; Partenariats merci de r\u00e9server directement un cr\u00e9neaux ici ou nous contacter au +33 7 67 86 68 93 ou +33 7 68 74 60 48 Premier contact par SMS. <\/p>\n\n\n\n<!-- Calendly inline widget begin -->\n<div class=\"calendly-inline-widget\" data-url=\"https:\/\/calendly.com\/contact-mhdlocation\/30min\" style=\"min-width:320px;height:700px;\"><\/div>\n<script type=\"text\/javascript\" src=\"https:\/\/assets.calendly.com\/assets\/external\/widget.js\" async><\/script>\n<!-- Calendly inline widget end -->\n\n\n\n<p>Hana &amp; Mel<\/p>\n","protected":false},"excerpt":{"rendered":"<p>CONTACT Pour tous contact pour : -Recrutements Merci de nous envoyer un email \u00e0 contact.mhdlocation@gmail.com -Pour Proposer un logement &amp; Partenariats merci de r\u00e9server directement un cr\u00e9neaux ici ou nous contacter au +33 7 67 86 68 93 ou +33 7 68 74 60 48 Premier contact par SMS. Hana &amp; Mel<\/p>\n","protected":false},"author":1,"featured_media":0,"parent":0,"menu_order":0,"comment_status":"closed","ping_status":"closed","template":"","meta":{"footnotes":""},"class_list":["post-57","page","type-page","status-publish","hentry"],"yoast_head":"<!-- This site is optimized with the Yoast SEO plugin v26.3 - https:\/\/yoast.com\/wordpress\/plugins\/seo\/ -->\n<title>Contact - Votre bien, notre mission !<\/title>\n<meta name=\"robots\" content=\"index, follow, max-snippet:-1, max-image-preview:large, max-video-preview:-1\" \/>\n<link rel=\"canonical\" href=\"https:\/\/mhdlocation.com\/?page_id=57\" \/>\n<meta property=\"og:locale\" content=\"en_US\" \/>\n<meta property=\"og:type\" content=\"article\" \/>\n<meta property=\"og:title\" content=\"Contact - Votre bien, notre mission !\" \/>\n<meta property=\"og:description\" content=\"CONTACT Pour tous contact pour : -Recrutements Merci de nous envoyer un email \u00e0 contact.mhdlocation@gmail.com -Pour Proposer un logement &amp; Partenariats merci de r\u00e9server directement un cr\u00e9neaux ici ou nous contacter au +33 7 67 86 68 93 ou +33 7 68 74 60 48 Premier contact par SMS. Hana &amp; Mel\" \/>\n<meta property=\"og:url\" content=\"https:\/\/mhdlocation.com\/?page_id=57\" \/>\n<meta property=\"og:site_name\" content=\"Votre bien, notre mission !\" \/>\n<meta property=\"article:modified_time\" content=\"2025-12-02T07:52:59+00:00\" \/>\n<meta name=\"twitter:card\" content=\"summary_large_image\" \/>\n<meta name=\"twitter:label1\" content=\"Est. reading time\" \/>\n\t<meta name=\"twitter:data1\" content=\"1 minute\" \/>\n<script type=\"application\/ld+json\" class=\"yoast-schema-graph\">{\"@context\":\"https:\/\/schema.org\",\"@graph\":[{\"@type\":\"WebPage\",\"@id\":\"https:\/\/mhdlocation.com\/?page_id=57\",\"url\":\"https:\/\/mhdlocation.com\/?page_id=57\",\"name\":\"Contact - Votre bien, notre mission !\",\"isPartOf\":{\"@id\":\"http:\/\/mhdlocation.com\/#website\"},\"datePublished\":\"2025-12-01T19:14:13+00:00\",\"dateModified\":\"2025-12-02T07:52:59+00:00\",\"breadcrumb\":{\"@id\":\"https:\/\/mhdlocation.com\/?page_id=57#breadcrumb\"},\"inLanguage\":\"en-US\",\"potentialAction\":[{\"@type\":\"ReadAction\",\"target\":[\"https:\/\/mhdlocation.com\/?page_id=57\"]}]},{\"@type\":\"BreadcrumbList\",\"@id\":\"https:\/\/mhdlocation.com\/?page_id=57#breadcrumb\",\"itemListElement\":[{\"@type\":\"ListItem\",\"position\":1,\"name\":\"Home\",\"item\":\"http:\/\/mhdlocation.com\/\"},{\"@type\":\"ListItem\",\"position\":2,\"name\":\"Contact\"}]},{\"@type\":\"WebSite\",\"@id\":\"http:\/\/mhdlocation.com\/#website\",\"url\":\"http:\/\/mhdlocation.com\/\",\"name\":\"Votre bien, notre mission !\",\"description\":\"Nous sommes une soci\u00e9t\u00e9 de conciergerie et de location de bien bas\u00e9 \u00e0 Lyon. Et exer\u00e7ant dans toute la France. \ud83c\uddeb\ud83c\uddf7  \",\"publisher\":{\"@id\":\"http:\/\/mhdlocation.com\/#organization\"},\"potentialAction\":[{\"@type\":\"SearchAction\",\"target\":{\"@type\":\"EntryPoint\",\"urlTemplate\":\"http:\/\/mhdlocation.com\/?s={search_term_string}\"},\"query-input\":{\"@type\":\"PropertyValueSpecification\",\"valueRequired\":true,\"valueName\":\"search_term_string\"}}],\"inLanguage\":\"en-US\"},{\"@type\":\"Organization\",\"@id\":\"http:\/\/mhdlocation.com\/#organization\",\"name\":\"Votre bien, notre mission !\",\"url\":\"http:\/\/mhdlocation.com\/\",\"logo\":{\"@type\":\"ImageObject\",\"inLanguage\":\"en-US\",\"@id\":\"http:\/\/mhdlocation.com\/#\/schema\/logo\/image\/\",\"url\":\"https:\/\/mhdlocation.com\/wp-content\/uploads\/2025\/11\/Black_White_Minimalist_Initials_Monogram_Jewelry_Logo__2_-removebg-preview.png\",\"contentUrl\":\"https:\/\/mhdlocation.com\/wp-content\/uploads\/2025\/11\/Black_White_Minimalist_Initials_Monogram_Jewelry_Logo__2_-removebg-preview.png\",\"width\":500,\"height\":500,\"caption\":\"Votre bien, notre mission !\"},\"image\":{\"@id\":\"http:\/\/mhdlocation.com\/#\/schema\/logo\/image\/\"}}]}<\/script>\n<!-- \/ Yoast SEO plugin. -->","yoast_head_json":{"title":"Contact - Votre bien, notre mission !","robots":{"index":"index","follow":"follow","max-snippet":"max-snippet:-1","max-image-preview":"max-image-preview:large","max-video-preview":"max-video-preview:-1"},"canonical":"https:\/\/mhdlocation.com\/?page_id=57","og_locale":"en_US","og_type":"article","og_title":"Contact - Votre bien, notre mission !","og_description":"CONTACT Pour tous contact pour : -Recrutements Merci de nous envoyer un email \u00e0 contact.mhdlocation@gmail.com -Pour Proposer un logement &amp; Partenariats merci de r\u00e9server directement un cr\u00e9neaux ici ou nous contacter au +33 7 67 86 68 93 ou +33 7 68 74 60 48 Premier contact par SMS. Hana &amp; Mel","og_url":"https:\/\/mhdlocation.com\/?page_id=57","og_site_name":"Votre bien, notre mission !","article_modified_time":"2025-12-02T07:52:59+00:00","twitter_card":"summary_large_image","twitter_misc":{"Est. reading time":"1 minute"},"schema":{"@context":"https:\/\/schema.org","@graph":[{"@type":"WebPage","@id":"https:\/\/mhdlocation.com\/?page_id=57","url":"https:\/\/mhdlocation.com\/?page_id=57","name":"Contact - Votre bien, notre mission !","isPartOf":{"@id":"http:\/\/mhdlocation.com\/#website"},"datePublished":"2025-12-01T19:14:13+00:00","dateModified":"2025-12-02T07:52:59+00:00","breadcrumb":{"@id":"https:\/\/mhdlocation.com\/?page_id=57#breadcrumb"},"inLanguage":"en-US","potentialAction":[{"@type":"ReadAction","target":["https:\/\/mhdlocation.com\/?page_id=57"]}]},{"@type":"BreadcrumbList","@id":"https:\/\/mhdlocation.com\/?page_id=57#breadcrumb","itemListElement":[{"@type":"ListItem","position":1,"name":"Home","item":"http:\/\/mhdlocation.com\/"},{"@type":"ListItem","position":2,"name":"Contact"}]},{"@type":"WebSite","@id":"http:\/\/mhdlocation.com\/#website","url":"http:\/\/mhdlocation.com\/","name":"Votre bien, notre mission !","description":"Nous sommes une soci\u00e9t\u00e9 de conciergerie et de location de bien bas\u00e9 \u00e0 Lyon. Et exer\u00e7ant dans toute la France. \ud83c\uddeb\ud83c\uddf7  ","publisher":{"@id":"http:\/\/mhdlocation.com\/#organization"},"potentialAction":[{"@type":"SearchAction","target":{"@type":"EntryPoint","urlTemplate":"http:\/\/mhdlocation.com\/?s={search_term_string}"},"query-input":{"@type":"PropertyValueSpecification","valueRequired":true,"valueName":"search_term_string"}}],"inLanguage":"en-US"},{"@type":"Organization","@id":"http:\/\/mhdlocation.com\/#organization","name":"Votre bien, notre mission !","url":"http:\/\/mhdlocation.com\/","logo":{"@type":"ImageObject","inLanguage":"en-US","@id":"http:\/\/mhdlocation.com\/#\/schema\/logo\/image\/","url":"https:\/\/mhdlocation.com\/wp-content\/uploads\/2025\/11\/Black_White_Minimalist_Initials_Monogram_Jewelry_Logo__2_-removebg-preview.png","contentUrl":"https:\/\/mhdlocation.com\/wp-content\/uploads\/2025\/11\/Black_White_Minimalist_Initials_Monogram_Jewelry_Logo__2_-removebg-preview.png","width":500,"height":500,"caption":"Votre bien, notre mission !"},"image":{"@id":"http:\/\/mhdlocation.com\/#\/schema\/logo\/image\/"}}]}},"brizy_media":[],"_links":{"self":[{"href":"https:\/\/mhdlocation.com\/index.php?rest_route=\/wp\/v2\/pages\/57","targetHints":{"allow":["GET"]}}],"collection":[{"href":"https:\/\/mhdlocation.com\/index.php?rest_route=\/wp\/v2\/pages"}],"about":[{"href":"https:\/\/mhdlocation.com\/index.php?rest_route=\/wp\/v2\/types\/page"}],"author":[{"embeddable":true,"href":"https:\/\/mhdlocation.com\/index.php?rest_route=\/wp\/v2\/users\/1"}],"replies":[{"embeddable":true,"href":"https:\/\/mhdlocation.com\/index.php?rest_route=%2Fwp%2Fv2%2Fcomments&post=57"}],"version-history":[{"count":5,"href":"https:\/\/mhdlocation.com\/index.php?rest_route=\/wp\/v2\/pages\/57\/revisions"}],"predecessor-version":[{"id":96,"href":"https:\/\/mhdlocation.com\/index.php?rest_route=\/wp\/v2\/pages\/57\/revisions\/96"}],"wp:attachment":[{"href":"https:\/\/mhdlocation.com\/index.php?rest_route=%2Fwp%2Fv2%2Fmedia&parent=57"}],"curies":[{"name":"wp","href":"https:\/\/api.w.org\/{rel}","templated":true}]}}